{"id":8,"date":"2024-11-10T15:08:12","date_gmt":"2024-11-10T14:08:12","guid":{"rendered":"https:\/\/lmbewell.fr\/index.php\/wpbc-booking\/"},"modified":"2024-11-22T18:27:24","modified_gmt":"2024-11-22T17:27:24","slug":"wpbc-booking","status":"publish","type":"page","link":"https:\/\/lmbewell.fr\/index.php\/wpbc-booking\/","title":{"rendered":"FORMATIONS QVT\/RSE"},"content":{"rendered":"\n<p><\/p>\n\n\n\n<p>Nous vous proposons des conf\u00e9rences de sensibilisation et des formations pour le bien-\u00eatre des collaborateurs.<br>Toujours bas\u00e9 sur une \u00e9coute pr\u00e9alable de vos besoins et des sp\u00e9cificit\u00e9s des m\u00e9tiers de votre entreprise, j&rsquo;ai \u00e0 coeur d&rsquo;am\u00e9liorer le quotidien de tous. <br>Je vous livre le catalogue de mes prestations, celui-ci est non exhaustif !<br><\/p>\n\n\n\n<div data-wp-interactive=\"core\/file\" class=\"wp-block-file\"><object data-wp-bind--hidden=\"!state.hasPdfPreview\" hidden class=\"wp-block-file__embed\" data=\"https:\/\/lmbewell.fr\/wp-content\/uploads\/2024\/11\/fiches-de-mes-formations.pdf\" type=\"application\/pdf\" style=\"width:100%;height:600px\" aria-label=\"Contenu embarqu\u00e9 fiches de mes formations.\"><\/object><a id=\"wp-block-file--media-afe0fd25-6969-491c-9ed4-181657c119c2\" href=\"https:\/\/lmbewell.fr\/wp-content\/uploads\/2024\/11\/fiches-de-mes-formations.pdf\">fiches de mes formations<\/a><a href=\"https:\/\/lmbewell.fr\/wp-content\/uploads\/2024\/11\/fiches-de-mes-formations.pdf\" class=\"wp-block-file__button wp-element-button\" download aria-describedby=\"wp-block-file--media-afe0fd25-6969-491c-9ed4-181657c119c2\">T\u00e9l\u00e9charger<\/a><\/div>\n\n\n\n<h2 class=\"wp-block-heading\">NOUVEAUTE : SORTIR DE VOTRE QUOTIDIEN<\/h2>\n\n\n\n<div class=\"wp-block-columns are-vertically-aligned-center is-layout-flex wp-container-core-columns-is-layout-28f84493 wp-block-columns-is-layout-flex\">\n<div class=\"wp-block-column is-vertically-aligned-center is-layout-flow wp-block-column-is-layout-flow\" style=\"flex-basis:100%\">\n<div class=\"wp-block-group has-global-padding is-layout-constrained wp-block-group-is-layout-constrained\">\n<figure class=\"wp-block-image size-large\"><img loading=\"lazy\" decoding=\"async\" width=\"724\" height=\"1024\" src=\"https:\/\/lmbewell.fr\/wp-content\/uploads\/2024\/11\/Marche-1-724x1024.jpg\" alt=\"\" class=\"wp-image-857\" srcset=\"https:\/\/lmbewell.fr\/wp-content\/uploads\/2024\/11\/Marche-1-724x1024.jpg 724w, https:\/\/lmbewell.fr\/wp-content\/uploads\/2024\/11\/Marche-1-212x300.jpg 212w, https:\/\/lmbewell.fr\/wp-content\/uploads\/2024\/11\/Marche-1-768x1086.jpg 768w, https:\/\/lmbewell.fr\/wp-content\/uploads\/2024\/11\/Marche-1-1086x1536.jpg 1086w, https:\/\/lmbewell.fr\/wp-content\/uploads\/2024\/11\/Marche-1.jpg 1414w\" sizes=\"auto, (max-width: 724px) 100vw, 724px\" \/><\/figure>\n<\/div>\n\n\n\n<figure class=\"wp-block-gallery has-nested-images columns-default is-cropped wp-block-gallery-1 is-layout-flex wp-block-gallery-is-layout-flex\">\n<figure class=\"wp-block-image size-large\"><img loading=\"lazy\" decoding=\"async\" width=\"724\" height=\"1024\" data-id=\"858\" src=\"https:\/\/lmbewell.fr\/wp-content\/uploads\/2024\/11\/Marche-2-724x1024.jpg\" alt=\"\" class=\"wp-image-858\" srcset=\"https:\/\/lmbewell.fr\/wp-content\/uploads\/2024\/11\/Marche-2-724x1024.jpg 724w, https:\/\/lmbewell.fr\/wp-content\/uploads\/2024\/11\/Marche-2-212x300.jpg 212w, https:\/\/lmbewell.fr\/wp-content\/uploads\/2024\/11\/Marche-2-768x1086.jpg 768w, https:\/\/lmbewell.fr\/wp-content\/uploads\/2024\/11\/Marche-2-1086x1536.jpg 1086w, https:\/\/lmbewell.fr\/wp-content\/uploads\/2024\/11\/Marche-2.jpg 1414w\" sizes=\"auto, (max-width: 724px) 100vw, 724px\" \/><\/figure>\n\n\n\n<figure class=\"wp-block-image alignright size-large\"><img loading=\"lazy\" decoding=\"async\" width=\"724\" height=\"1024\" data-id=\"856\" src=\"https:\/\/lmbewell.fr\/wp-content\/uploads\/2024\/11\/Marche-4-724x1024.jpg\" alt=\"\" class=\"wp-image-856\" srcset=\"https:\/\/lmbewell.fr\/wp-content\/uploads\/2024\/11\/Marche-4-724x1024.jpg 724w, https:\/\/lmbewell.fr\/wp-content\/uploads\/2024\/11\/Marche-4-212x300.jpg 212w, https:\/\/lmbewell.fr\/wp-content\/uploads\/2024\/11\/Marche-4-768x1086.jpg 768w, https:\/\/lmbewell.fr\/wp-content\/uploads\/2024\/11\/Marche-4-1086x1536.jpg 1086w, https:\/\/lmbewell.fr\/wp-content\/uploads\/2024\/11\/Marche-4.jpg 1414w\" sizes=\"auto, (max-width: 724px) 100vw, 724px\" \/><\/figure>\n\n\n\n<figure class=\"wp-block-image size-large\"><img loading=\"lazy\" decoding=\"async\" width=\"724\" height=\"1024\" data-id=\"855\" src=\"https:\/\/lmbewell.fr\/wp-content\/uploads\/2024\/11\/Marche-3-724x1024.jpg\" alt=\"\" class=\"wp-image-855\" srcset=\"https:\/\/lmbewell.fr\/wp-content\/uploads\/2024\/11\/Marche-3-724x1024.jpg 724w, https:\/\/lmbewell.fr\/wp-content\/uploads\/2024\/11\/Marche-3-212x300.jpg 212w, https:\/\/lmbewell.fr\/wp-content\/uploads\/2024\/11\/Marche-3-768x1086.jpg 768w, https:\/\/lmbewell.fr\/wp-content\/uploads\/2024\/11\/Marche-3-1086x1536.jpg 1086w, https:\/\/lmbewell.fr\/wp-content\/uploads\/2024\/11\/Marche-3.jpg 1414w\" sizes=\"auto, (max-width: 724px) 100vw, 724px\" \/><\/figure>\n<\/figure>\n<\/div>\n<\/div>\n\n\n\n<div class=\"wp-block-buttons is-layout-flex wp-block-buttons-is-layout-flex\">\n<div class=\"wp-block-button\"><a class=\"wp-block-button__link wp-element-button\" href=\"https:\/\/lmbewell.fr\/index.php\/formulaire-de-contact\/\">Devis personnalis\u00e9<\/a><\/div>\n<\/div>\n","protected":false},"excerpt":{"rendered":"<p>Nous vous proposons des conf\u00e9rences de sensibilisation et des formations pour le bien-\u00eatre des collaborateurs.Toujours bas\u00e9 sur une \u00e9coute pr\u00e9alable de vos besoins et des sp\u00e9cificit\u00e9s des m\u00e9tiers de votre entreprise, j&rsquo;ai \u00e0 coeur d&rsquo;am\u00e9liorer le quotidien de tous. Je vous livre le catalogue de mes prestations, celui-ci est non exhaustif ! NOUVEAUTE : SORTIR [&hellip;]<\/p>\n","protected":false},"author":1,"featured_media":839,"parent":0,"menu_order":0,"comment_status":"closed","ping_status":"closed","template":"","meta":{"footnotes":""},"class_list":["post-8","page","type-page","status-publish","has-post-thumbnail","hentry"],"_links":{"self":[{"href":"https:\/\/lmbewell.fr\/index.php\/wp-json\/wp\/v2\/pages\/8","targetHints":{"allow":["GET"]}}],"collection":[{"href":"https:\/\/lmbewell.fr\/index.php\/wp-json\/wp\/v2\/pages"}],"about":[{"href":"https:\/\/lmbewell.fr\/index.php\/wp-json\/wp\/v2\/types\/page"}],"author":[{"embeddable":true,"href":"https:\/\/lmbewell.fr\/index.php\/wp-json\/wp\/v2\/users\/1"}],"replies":[{"embeddable":true,"href":"https:\/\/lmbewell.fr\/index.php\/wp-json\/wp\/v2\/comments?post=8"}],"version-history":[{"count":9,"href":"https:\/\/lmbewell.fr\/index.php\/wp-json\/wp\/v2\/pages\/8\/revisions"}],"predecessor-version":[{"id":883,"href":"https:\/\/lmbewell.fr\/index.php\/wp-json\/wp\/v2\/pages\/8\/revisions\/883"}],"wp:featuredmedia":[{"embeddable":true,"href":"https:\/\/lmbewell.fr\/index.php\/wp-json\/wp\/v2\/media\/839"}],"wp:attachment":[{"href":"https:\/\/lmbewell.fr\/index.php\/wp-json\/wp\/v2\/media?parent=8"}],"curies":[{"name":"wp","href":"https:\/\/api.w.org\/{rel}","templated":true}]}}